{"id":926,"date":"2024-08-23T08:34:23","date_gmt":"2024-08-23T08:34:23","guid":{"rendered":"https:\/\/tnlaw.fi\/front_page\/"},"modified":"2026-03-10T21:36:35","modified_gmt":"2026-03-10T19:36:35","slug":"front_page","status":"publish","type":"page","link":"https:\/\/tnlaw.fi\/en\/","title":{"rendered":"Etusivu"},"content":{"rendered":"","protected":false},"excerpt":{"rendered":"","protected":false},"author":1,"featured_media":0,"parent":0,"menu_order":0,"comment_status":"closed","ping_status":"closed","template":"","meta":{"saved_in_kubio":true,"_uag_custom_page_level_css":"","footnotes":""},"class_list":["post-926","page","type-page","status-publish","hentry"],"kubio_ai_page_context":{"short_desc":"","purpose":"general","isFrontPage":true},"yoast_head":"<!-- This site is optimized with the Yoast SEO plugin v26.9 - https:\/\/yoast.com\/product\/yoast-seo-wordpress\/ -->\n<title>Asianajotoimisto Tirronen &amp; Nousiainen Oy - Helsinki, Lahti, Kouvola - Hoidamme yritysten ja yksityishenkil&ouml;iden oikeudellisia konflikteja riidanratkaisun keinoin oikeudenk&auml;ynneiss&auml;, v&auml;limiesmenettelyiss&auml; ja sovitteluissa. Toimistomme sijaitsevat Helsingiss&auml;, Lahdessa ja Kouvolassa.<\/title>\n<meta name=\"description\" content=\"Hoidamme yritysten ja yksityishenkil\u00f6iden oikeudellisia konflikteja riidanratkaisun keinoin tuomioistuinteitse, v\u00e4limiesmenettelyiss\u00e4 ja sovitteluissa.\" \/>\n<meta name=\"robots\" content=\"index, follow, max-snippet:-1, max-image-preview:large, max-video-preview:-1\" \/>\n<link rel=\"canonical\" href=\"https:\/\/tnlaw.fi\/en\/\" \/>\n<meta property=\"og:locale\" content=\"en_US\" \/>\n<meta property=\"og:type\" content=\"article\" \/>\n<meta property=\"og:title\" content=\"Asianajotoimisto Tirronen &amp; Nousiainen Oy - Helsinki, Lahti, Kouvola - Hoidamme yritysten ja yksityishenkil&ouml;iden oikeudellisia konflikteja riidanratkaisun keinoin oikeudenk&auml;ynneiss&auml;, v&auml;limiesmenettelyiss&auml; ja sovitteluissa. Toimistomme sijaitsevat Helsingiss&auml;, Lahdessa ja Kouvolassa.\" \/>\n<meta property=\"og:description\" content=\"Hoidamme yritysten ja yksityishenkil\u00f6iden oikeudellisia konflikteja riidanratkaisun keinoin tuomioistuinteitse, v\u00e4limiesmenettelyiss\u00e4 ja sovitteluissa.\" \/>\n<meta property=\"og:url\" content=\"https:\/\/tnlaw.fi\/en\/\" \/>\n<meta property=\"og:site_name\" content=\"Asianajotoimisto Tirronen &amp; Nousiainen Oy - Helsinki, Lahti, Kouvola\" \/>\n<meta property=\"article:modified_time\" content=\"2026-03-10T19:36:35+00:00\" \/>\n<meta property=\"og:image\" content=\"https:\/\/tnlaw.fi\/wp-content\/uploads\/2024\/08\/T-1.png\" \/>\n\t<meta property=\"og:image:width\" content=\"758\" \/>\n\t<meta property=\"og:image:height\" content=\"760\" \/>\n\t<meta property=\"og:image:type\" content=\"image\/png\" \/>\n<meta name=\"twitter:card\" content=\"summary_large_image\" \/>\n<script type=\"application\/ld+json\" class=\"yoast-schema-graph\">{\"@context\":\"https:\/\/schema.org\",\"@graph\":[{\"@type\":\"WebPage\",\"@id\":\"https:\/\/tnlaw.fi\/\",\"url\":\"https:\/\/tnlaw.fi\/\",\"name\":\"Asianajotoimisto Tirronen &amp; Nousiainen Oy - Helsinki, Lahti, Kouvola - Hoidamme yritysten ja yksityishenkil&ouml;iden oikeudellisia konflikteja riidanratkaisun keinoin oikeudenk&auml;ynneiss&auml;, v&auml;limiesmenettelyiss&auml; ja sovitteluissa. Toimistomme sijaitsevat Helsingiss&auml;, Lahdessa ja Kouvolassa.\",\"isPartOf\":{\"@id\":\"https:\/\/tnlaw.fi\/#website\"},\"datePublished\":\"2024-08-23T08:34:23+00:00\",\"dateModified\":\"2026-03-10T19:36:35+00:00\",\"description\":\"Hoidamme yritysten ja yksityishenkil\u00f6iden oikeudellisia konflikteja riidanratkaisun keinoin tuomioistuinteitse, v\u00e4limiesmenettelyiss\u00e4 ja sovitteluissa.\",\"breadcrumb\":{\"@id\":\"https:\/\/tnlaw.fi\/#breadcrumb\"},\"inLanguage\":\"en-US\",\"potentialAction\":[{\"@type\":\"ReadAction\",\"target\":[\"https:\/\/tnlaw.fi\/\"]}]},{\"@type\":\"BreadcrumbList\",\"@id\":\"https:\/\/tnlaw.fi\/#breadcrumb\",\"itemListElement\":[{\"@type\":\"ListItem\",\"position\":1,\"name\":\"Home\",\"item\":\"https:\/\/tnlaw.fi\/\"},{\"@type\":\"ListItem\",\"position\":2,\"name\":\"Etusivu\"}]},{\"@type\":\"WebSite\",\"@id\":\"https:\/\/tnlaw.fi\/#website\",\"url\":\"https:\/\/tnlaw.fi\/\",\"name\":\"Asianajotoimisto Tirronen & Nousiainen Oy - Helsinki, Lahti, Kouvola\",\"description\":\"Hoidamme yritysten ja yksityishenkil&ouml;iden oikeudellisia konflikteja riidanratkaisun keinoin oikeudenk&auml;ynneiss&auml;, v&auml;limiesmenettelyiss&auml; ja sovitteluissa. Toimistomme sijaitsevat Helsingiss&auml;, Lahdessa ja Kouvolassa.\",\"publisher\":{\"@id\":\"https:\/\/tnlaw.fi\/#organization\"},\"alternateName\":\"Tirronen & Nousiainen Attorneys\",\"potentialAction\":[{\"@type\":\"SearchAction\",\"target\":{\"@type\":\"EntryPoint\",\"urlTemplate\":\"https:\/\/tnlaw.fi\/?s={search_term_string}\"},\"query-input\":{\"@type\":\"PropertyValueSpecification\",\"valueRequired\":true,\"valueName\":\"search_term_string\"}}],\"inLanguage\":\"en-US\"},{\"@type\":\"Organization\",\"@id\":\"https:\/\/tnlaw.fi\/#organization\",\"name\":\"Asianajotoimisto Tirronen & Nousiainen Oy\",\"alternateName\":\"TNLaw\",\"url\":\"https:\/\/tnlaw.fi\/\",\"logo\":{\"@type\":\"ImageObject\",\"inLanguage\":\"en-US\",\"@id\":\"https:\/\/tnlaw.fi\/#\/schema\/logo\/image\/\",\"url\":\"https:\/\/tnlaw.fi\/wp-content\/uploads\/2024\/08\/T-1.png\",\"contentUrl\":\"https:\/\/tnlaw.fi\/wp-content\/uploads\/2024\/08\/T-1.png\",\"width\":758,\"height\":760,\"caption\":\"Asianajotoimisto Tirronen & Nousiainen Oy\"},\"image\":{\"@id\":\"https:\/\/tnlaw.fi\/#\/schema\/logo\/image\/\"}}]}<\/script>\n<!-- \/ Yoast SEO plugin. -->","yoast_head_json":{"title":"Asianajotoimisto Tirronen &amp; Nousiainen Oy - Helsinki, Lahti, Kouvola - Hoidamme yritysten ja yksityishenkil&ouml;iden oikeudellisia konflikteja riidanratkaisun keinoin oikeudenk&auml;ynneiss&auml;, v&auml;limiesmenettelyiss&auml; ja sovitteluissa. Toimistomme sijaitsevat Helsingiss&auml;, Lahdessa ja Kouvolassa.","description":"Hoidamme yritysten ja yksityishenkil\u00f6iden oikeudellisia konflikteja riidanratkaisun keinoin tuomioistuinteitse, v\u00e4limiesmenettelyiss\u00e4 ja sovitteluissa.","robots":{"index":"index","follow":"follow","max-snippet":"max-snippet:-1","max-image-preview":"max-image-preview:large","max-video-preview":"max-video-preview:-1"},"canonical":"https:\/\/tnlaw.fi\/en\/","og_locale":"en_US","og_type":"article","og_title":"Asianajotoimisto Tirronen &amp; Nousiainen Oy - Helsinki, Lahti, Kouvola - Hoidamme yritysten ja yksityishenkil&ouml;iden oikeudellisia konflikteja riidanratkaisun keinoin oikeudenk&auml;ynneiss&auml;, v&auml;limiesmenettelyiss&auml; ja sovitteluissa. Toimistomme sijaitsevat Helsingiss&auml;, Lahdessa ja Kouvolassa.","og_description":"Hoidamme yritysten ja yksityishenkil\u00f6iden oikeudellisia konflikteja riidanratkaisun keinoin tuomioistuinteitse, v\u00e4limiesmenettelyiss\u00e4 ja sovitteluissa.","og_url":"https:\/\/tnlaw.fi\/en\/","og_site_name":"Asianajotoimisto Tirronen &amp; Nousiainen Oy - Helsinki, Lahti, Kouvola","article_modified_time":"2026-03-10T19:36:35+00:00","og_image":[{"width":758,"height":760,"url":"https:\/\/tnlaw.fi\/wp-content\/uploads\/2024\/08\/T-1.png","type":"image\/png"}],"twitter_card":"summary_large_image","schema":{"@context":"https:\/\/schema.org","@graph":[{"@type":"WebPage","@id":"https:\/\/tnlaw.fi\/","url":"https:\/\/tnlaw.fi\/","name":"Asianajotoimisto Tirronen &amp; Nousiainen Oy - Helsinki, Lahti, Kouvola - Hoidamme yritysten ja yksityishenkil&ouml;iden oikeudellisia konflikteja riidanratkaisun keinoin oikeudenk&auml;ynneiss&auml;, v&auml;limiesmenettelyiss&auml; ja sovitteluissa. Toimistomme sijaitsevat Helsingiss&auml;, Lahdessa ja Kouvolassa.","isPartOf":{"@id":"https:\/\/tnlaw.fi\/#website"},"datePublished":"2024-08-23T08:34:23+00:00","dateModified":"2026-03-10T19:36:35+00:00","description":"Hoidamme yritysten ja yksityishenkil\u00f6iden oikeudellisia konflikteja riidanratkaisun keinoin tuomioistuinteitse, v\u00e4limiesmenettelyiss\u00e4 ja sovitteluissa.","breadcrumb":{"@id":"https:\/\/tnlaw.fi\/#breadcrumb"},"inLanguage":"en-US","potentialAction":[{"@type":"ReadAction","target":["https:\/\/tnlaw.fi\/"]}]},{"@type":"BreadcrumbList","@id":"https:\/\/tnlaw.fi\/#breadcrumb","itemListElement":[{"@type":"ListItem","position":1,"name":"Home","item":"https:\/\/tnlaw.fi\/"},{"@type":"ListItem","position":2,"name":"Etusivu"}]},{"@type":"WebSite","@id":"https:\/\/tnlaw.fi\/#website","url":"https:\/\/tnlaw.fi\/","name":"Asianajotoimisto Tirronen & Nousiainen Oy - Helsinki, Lahti, Kouvola","description":"Hoidamme yritysten ja yksityishenkil&ouml;iden oikeudellisia konflikteja riidanratkaisun keinoin oikeudenk&auml;ynneiss&auml;, v&auml;limiesmenettelyiss&auml; ja sovitteluissa. Toimistomme sijaitsevat Helsingiss&auml;, Lahdessa ja Kouvolassa.","publisher":{"@id":"https:\/\/tnlaw.fi\/#organization"},"alternateName":"Tirronen & Nousiainen Attorneys","potentialAction":[{"@type":"SearchAction","target":{"@type":"EntryPoint","urlTemplate":"https:\/\/tnlaw.fi\/?s={search_term_string}"},"query-input":{"@type":"PropertyValueSpecification","valueRequired":true,"valueName":"search_term_string"}}],"inLanguage":"en-US"},{"@type":"Organization","@id":"https:\/\/tnlaw.fi\/#organization","name":"Asianajotoimisto Tirronen & Nousiainen Oy","alternateName":"TNLaw","url":"https:\/\/tnlaw.fi\/","logo":{"@type":"ImageObject","inLanguage":"en-US","@id":"https:\/\/tnlaw.fi\/#\/schema\/logo\/image\/","url":"https:\/\/tnlaw.fi\/wp-content\/uploads\/2024\/08\/T-1.png","contentUrl":"https:\/\/tnlaw.fi\/wp-content\/uploads\/2024\/08\/T-1.png","width":758,"height":760,"caption":"Asianajotoimisto Tirronen & Nousiainen Oy"},"image":{"@id":"https:\/\/tnlaw.fi\/#\/schema\/logo\/image\/"}}]}},"uagb_featured_image_src":{"full":false,"thumbnail":false,"medium":false,"medium_large":false,"large":false,"1536x1536":false,"2048x2048":false,"trp-custom-language-flag":false,"kubio-fullhd":false},"uagb_author_info":{"display_name":"admin","author_link":"https:\/\/tnlaw.fi\/en\/author\/admin\/"},"uagb_comment_info":0,"uagb_excerpt":null,"_links":{"self":[{"href":"https:\/\/tnlaw.fi\/en\/wp-json\/wp\/v2\/pages\/926","targetHints":{"allow":["GET"]}}],"collection":[{"href":"https:\/\/tnlaw.fi\/en\/wp-json\/wp\/v2\/pages"}],"about":[{"href":"https:\/\/tnlaw.fi\/en\/wp-json\/wp\/v2\/types\/page"}],"author":[{"embeddable":true,"href":"https:\/\/tnlaw.fi\/en\/wp-json\/wp\/v2\/users\/1"}],"replies":[{"embeddable":true,"href":"https:\/\/tnlaw.fi\/en\/wp-json\/wp\/v2\/comments?post=926"}],"version-history":[{"count":40,"href":"https:\/\/tnlaw.fi\/en\/wp-json\/wp\/v2\/pages\/926\/revisions"}],"predecessor-version":[{"id":1816,"href":"https:\/\/tnlaw.fi\/en\/wp-json\/wp\/v2\/pages\/926\/revisions\/1816"}],"wp:attachment":[{"href":"https:\/\/tnlaw.fi\/en\/wp-json\/wp\/v2\/media?parent=926"}],"curies":[{"name":"wp","href":"https:\/\/api.w.org\/{rel}","templated":true}]}}